{"id":10,"date":"2026-04-08T15:09:35","date_gmt":"2026-04-08T15:09:35","guid":{"rendered":"https:\/\/banka.ludeko.com.tr\/?page_id=10"},"modified":"2026-04-08T15:09:35","modified_gmt":"2026-04-08T15:09:35","slug":"banka","status":"publish","type":"page","link":"https:\/\/banka.ludeko.com.tr\/index.php\/banka\/","title":{"rendered":"Banka"},"content":{"rendered":"\n<div class=\"ludeko-wrap\"><div class=\"ludeko-shell\"><div class=\"ludeko-login-box\"><div class=\"ludeko-card\"><div class=\"ludeko-portal-top\"><div class=\"ludeko-branding\"><div class=\"ludeko-logo\" style=\"width:56px;height:56px\"><div class=\"ludeko-logo-fallback\">L<\/div><\/div><div><h2 style=\"margin:0 0 8px;\">L\u00fcdeko M\u00fc\u015fteri Portal\u0131<\/h2><div class=\"ludeko-note\">Kullan\u0131c\u0131 ad\u0131n\u0131z ve PIN bilginiz ile g\u00fcvenli giri\u015f yap\u0131n.<\/div><\/div><\/div><div class=\"ludeko-chip\">L\u00fcdeko Bankas\u0131<\/div><\/div><form method=\"post\" action=\"https:\/\/banka.ludeko.com.tr\/wp-admin\/admin-post.php\"><input type=\"hidden\" name=\"action\" value=\"ludeko_customer_login\"><div class=\"ludeko-field\"><label>Kullan\u0131c\u0131 Ad\u0131<\/label><input type=\"text\" name=\"username\" required><\/div><div class=\"ludeko-field\"><label>PIN<\/label><input type=\"password\" name=\"pin_code\" required><\/div><button class=\"ludeko-btn\" type=\"submit\">Giri\u015f Yap<\/button><\/form><\/div><\/div><div class=\"ludeko-footer\">G\u00fcvenli dijital banka y\u00f6netim paneli<\/div><\/div><\/div>\n\n\n\n<p><\/p>\n","protected":false},"excerpt":{"rendered":"","protected":false},"author":1,"featured_media":0,"parent":0,"menu_order":0,"comment_status":"closed","ping_status":"closed","template":"","meta":{"footnotes":""},"class_list":["post-10","page","type-page","status-publish","hentry"],"_links":{"self":[{"href":"https:\/\/banka.ludeko.com.tr\/index.php\/wp-json\/wp\/v2\/pages\/10","targetHints":{"allow":["GET"]}}],"collection":[{"href":"https:\/\/banka.ludeko.com.tr\/index.php\/wp-json\/wp\/v2\/pages"}],"about":[{"href":"https:\/\/banka.ludeko.com.tr\/index.php\/wp-json\/wp\/v2\/types\/page"}],"author":[{"embeddable":true,"href":"https:\/\/banka.ludeko.com.tr\/index.php\/wp-json\/wp\/v2\/users\/1"}],"replies":[{"embeddable":true,"href":"https:\/\/banka.ludeko.com.tr\/index.php\/wp-json\/wp\/v2\/comments?post=10"}],"version-history":[{"count":1,"href":"https:\/\/banka.ludeko.com.tr\/index.php\/wp-json\/wp\/v2\/pages\/10\/revisions"}],"predecessor-version":[{"id":11,"href":"https:\/\/banka.ludeko.com.tr\/index.php\/wp-json\/wp\/v2\/pages\/10\/revisions\/11"}],"wp:attachment":[{"href":"https:\/\/banka.ludeko.com.tr\/index.php\/wp-json\/wp\/v2\/media?parent=10"}],"curies":[{"name":"wp","href":"https:\/\/api.w.org\/{rel}","templated":true}]}}